{"id":373,"date":"2026-04-24T08:08:13","date_gmt":"2026-04-24T06:08:13","guid":{"rendered":"https:\/\/powrotbeethovena.pl\/choir\/"},"modified":"2026-05-04T16:36:17","modified_gmt":"2026-05-04T14:36:17","slug":"choir","status":"publish","type":"page","link":"https:\/\/powrotbeethovena.pl\/en\/musical\/choir\/","title":{"rendered":"Choir"},"content":{"rendered":"\n<p>Ch\u00f3r musicalowy powo\u0142any na potrzeby produkcji musicalu <em>\u201ePowr\u00f3t Beethovena\u201d<\/em> to wyj\u0105tkowy zesp\u00f3\u0142 artyst\u00f3w \u0142\u0105cz\u0105cych wysoki poziom wokalny z wyrazistym aktorstwem scenicznym. Tworz\u0105 go utalentowani wokali\u015bci i aktorzy \u2013 absolwenci akademii muzycznych i teatralnych \u2013 kt\u00f3rzy na co dzie\u0144 rozwijaj\u0105 swoje kariery na deskach teatr\u00f3w oraz w salach koncertowych w Polsce. Ich do\u015bwiadczenie sceniczne, wszechstronno\u015b\u0107 oraz pasja do muzyki i teatru sprawiaj\u0105, \u017ce ch\u00f3r staje si\u0119 integraln\u0105 cz\u0119\u015bci\u0105 spektaklu, buduj\u0105c jego emocjonaln\u0105 g\u0142\u0119bi\u0119 i dynamik\u0119.<\/p>\n\n<p>The musical choir formed for the production of \u201cReturn of Beethoven\u201d is a unique ensemble of artists who combine a high level of vocal performance with expressive stage acting. It consists of talented singers and actors\u2014graduates of music and theatre academies\u2014who actively develop their careers on theatre stages and concert halls across Poland. Their stage experience, versatility, and passion for music and theatre make the choir an integral part of the performance, building its emotional depth and dynamism.&#13;\nThe ensemble works under the vocal direction of Martyna Kozanecka\u2014a graduate of the Academy of Music in Pozna\u0144, conductor, and vocalist who successfully combines artistic activity in both classical and popular singing. Her experience and musical sensitivity give the choir a cohesive sound and a distinctive interpretative quality.&#13;\n<\/p>\n\n<p>Thanks to precise ensemble work and the individual skills of each artist, the choir in \u201cReturn of Beethoven\u201d not only complements the musical layer but also actively participates in telling the story, creating an unforgettable and emotionally powerful performance.<\/p>\n\n<figure class=\"wp-block-gallery has-nested-images columns-default is-cropped wp-block-gallery-1 is-layout-flex wp-block-gallery-is-layout-flex\">\n<figure class=\"wp-block-image size-large\"><img loading=\"lazy\" decoding=\"async\" width=\"819\" height=\"1024\" data-id=\"330\" src=\"https:\/\/powrotbeethovena.pl\/wp-content\/uploads\/2026\/04\/Konrad-Szymanski-819x1024.jpg\" alt=\"\" class=\"wp-image-330\" srcset=\"https:\/\/powrotbeethovena.pl\/wp-content\/uploads\/2026\/04\/Konrad-Szymanski-819x1024.jpg 819w, https:\/\/powrotbeethovena.pl\/wp-content\/uploads\/2026\/04\/Konrad-Szymanski-240x300.jpg 240w, https:\/\/powrotbeethovena.pl\/wp-content\/uploads\/2026\/04\/Konrad-Szymanski-768x960.jpg 768w, https:\/\/powrotbeethovena.pl\/wp-content\/uploads\/2026\/04\/Konrad-Szymanski-1229x1536.jpg 1229w, https:\/\/powrotbeethovena.pl\/wp-content\/uploads\/2026\/04\/Konrad-Szymanski-155x194.jpg 155w, https:\/\/powrotbeethovena.pl\/wp-content\/uploads\/2026\/04\/Konrad-Szymanski-200x250.jpg 200w, https:\/\/powrotbeethovena.pl\/wp-content\/uploads\/2026\/04\/Konrad-Szymanski-300x375.jpg 300w, https:\/\/powrotbeethovena.pl\/wp-content\/uploads\/2026\/04\/Konrad-Szymanski-900x1125.jpg 900w, https:\/\/powrotbeethovena.pl\/wp-content\/uploads\/2026\/04\/Konrad-Szymanski.jpg 1296w\" sizes=\"auto, (max-width: 819px) 100vw, 819px\" \/><figcaption class=\"wp-element-caption\">Konrad Szyma\u0144ski<\/figcaption><\/figure>\n\n\n\n<figure class=\"wp-block-image size-large\"><img loading=\"lazy\" decoding=\"async\" width=\"776\" height=\"1024\" data-id=\"329\" src=\"https:\/\/powrotbeethovena.pl\/wp-content\/uploads\/2026\/04\/Julia-Kazubska-776x1024.jpeg\" alt=\"\" class=\"wp-image-329\" srcset=\"https:\/\/powrotbeethovena.pl\/wp-content\/uploads\/2026\/04\/Julia-Kazubska-776x1024.jpeg 776w, https:\/\/powrotbeethovena.pl\/wp-content\/uploads\/2026\/04\/Julia-Kazubska-227x300.jpeg 227w, https:\/\/powrotbeethovena.pl\/wp-content\/uploads\/2026\/04\/Julia-Kazubska-768x1013.jpeg 768w, https:\/\/powrotbeethovena.pl\/wp-content\/uploads\/2026\/04\/Julia-Kazubska-1164x1536.jpeg 1164w, https:\/\/powrotbeethovena.pl\/wp-content\/uploads\/2026\/04\/Julia-Kazubska-155x204.jpeg 155w, https:\/\/powrotbeethovena.pl\/wp-content\/uploads\/2026\/04\/Julia-Kazubska-200x264.jpeg 200w, https:\/\/powrotbeethovena.pl\/wp-content\/uploads\/2026\/04\/Julia-Kazubska-300x396.jpeg 300w, https:\/\/powrotbeethovena.pl\/wp-content\/uploads\/2026\/04\/Julia-Kazubska-900x1187.jpeg 900w, https:\/\/powrotbeethovena.pl\/wp-content\/uploads\/2026\/04\/Julia-Kazubska.jpeg 1213w\" sizes=\"auto, (max-width: 776px) 100vw, 776px\" \/><figcaption class=\"wp-element-caption\">Julia Kazubska<\/figcaption><\/figure>\n\n\n\n<figure class=\"wp-block-image size-large\"><img loading=\"lazy\" decoding=\"async\" width=\"768\" height=\"1024\" data-id=\"328\" src=\"https:\/\/powrotbeethovena.pl\/wp-content\/uploads\/2026\/04\/Dawid-Chyz-768x1024.jpeg\" alt=\"\" class=\"wp-image-328\" srcset=\"https:\/\/powrotbeethovena.pl\/wp-content\/uploads\/2026\/04\/Dawid-Chyz-768x1024.jpeg 768w, https:\/\/powrotbeethovena.pl\/wp-content\/uploads\/2026\/04\/Dawid-Chyz-225x300.jpeg 225w, https:\/\/powrotbeethovena.pl\/wp-content\/uploads\/2026\/04\/Dawid-Chyz-1152x1536.jpeg 1152w, https:\/\/powrotbeethovena.pl\/wp-content\/uploads\/2026\/04\/Dawid-Chyz-1536x2048.jpeg 1536w, https:\/\/powrotbeethovena.pl\/wp-content\/uploads\/2026\/04\/Dawid-Chyz-155x207.jpeg 155w, https:\/\/powrotbeethovena.pl\/wp-content\/uploads\/2026\/04\/Dawid-Chyz-200x267.jpeg 200w, https:\/\/powrotbeethovena.pl\/wp-content\/uploads\/2026\/04\/Dawid-Chyz-300x400.jpeg 300w, https:\/\/powrotbeethovena.pl\/wp-content\/uploads\/2026\/04\/Dawid-Chyz-900x1200.jpeg 900w, https:\/\/powrotbeethovena.pl\/wp-content\/uploads\/2026\/04\/Dawid-Chyz-1500x2000.jpeg 1500w, https:\/\/powrotbeethovena.pl\/wp-content\/uploads\/2026\/04\/Dawid-Chyz-scaled.jpeg 1920w\" sizes=\"auto, (max-width: 768px) 100vw, 768px\" \/><figcaption class=\"wp-element-caption\">Dawid Chy\u017c<\/figcaption><\/figure>\n\n\n\n<figure class=\"wp-block-image size-large\"><img loading=\"lazy\" decoding=\"async\" width=\"684\" height=\"1024\" data-id=\"326\" src=\"https:\/\/powrotbeethovena.pl\/wp-content\/uploads\/2026\/04\/Anna-Alexandrowicz-684x1024.jpeg\" alt=\"\" class=\"wp-image-326\" srcset=\"https:\/\/powrotbeethovena.pl\/wp-content\/uploads\/2026\/04\/Anna-Alexandrowicz-684x1024.jpeg 684w, https:\/\/powrotbeethovena.pl\/wp-content\/uploads\/2026\/04\/Anna-Alexandrowicz-200x299.jpeg 200w, https:\/\/powrotbeethovena.pl\/wp-content\/uploads\/2026\/04\/Anna-Alexandrowicz-768x1150.jpeg 768w, https:\/\/powrotbeethovena.pl\/wp-content\/uploads\/2026\/04\/Anna-Alexandrowicz-1026x1536.jpeg 1026w, https:\/\/powrotbeethovena.pl\/wp-content\/uploads\/2026\/04\/Anna-Alexandrowicz-155x232.jpeg 155w, https:\/\/powrotbeethovena.pl\/wp-content\/uploads\/2026\/04\/Anna-Alexandrowicz-300x449.jpeg 300w, https:\/\/powrotbeethovena.pl\/wp-content\/uploads\/2026\/04\/Anna-Alexandrowicz-900x1347.jpeg 900w, https:\/\/powrotbeethovena.pl\/wp-content\/uploads\/2026\/04\/Anna-Alexandrowicz.jpeg 1368w\" sizes=\"auto, (max-width: 684px) 100vw, 684px\" \/><figcaption class=\"wp-element-caption\">Anna Alexandrowicz<\/figcaption><\/figure>\n\n\n\n<figure class=\"wp-block-image size-large\"><img loading=\"lazy\" decoding=\"async\" width=\"683\" height=\"1024\" data-id=\"325\" src=\"https:\/\/powrotbeethovena.pl\/wp-content\/uploads\/2026\/04\/Aleksandra-Szurgot-683x1024.jpeg\" alt=\"\" class=\"wp-image-325\" srcset=\"https:\/\/powrotbeethovena.pl\/wp-content\/uploads\/2026\/04\/Aleksandra-Szurgot-683x1024.jpeg 683w, https:\/\/powrotbeethovena.pl\/wp-content\/uploads\/2026\/04\/Aleksandra-Szurgot-200x300.jpeg 200w, https:\/\/powrotbeethovena.pl\/wp-content\/uploads\/2026\/04\/Aleksandra-Szurgot-768x1152.jpeg 768w, https:\/\/powrotbeethovena.pl\/wp-content\/uploads\/2026\/04\/Aleksandra-Szurgot-1024x1536.jpeg 1024w, https:\/\/powrotbeethovena.pl\/wp-content\/uploads\/2026\/04\/Aleksandra-Szurgot-155x233.jpeg 155w, https:\/\/powrotbeethovena.pl\/wp-content\/uploads\/2026\/04\/Aleksandra-Szurgot-300x450.jpeg 300w, https:\/\/powrotbeethovena.pl\/wp-content\/uploads\/2026\/04\/Aleksandra-Szurgot-900x1350.jpeg 900w, https:\/\/powrotbeethovena.pl\/wp-content\/uploads\/2026\/04\/Aleksandra-Szurgot.jpeg 1365w\" sizes=\"auto, (max-width: 683px) 100vw, 683px\" \/><figcaption class=\"wp-element-caption\">Aleksandra Szurgot<\/figcaption><\/figure>\n\n\n\n<figure class=\"wp-block-image size-large\"><img loading=\"lazy\" decoding=\"async\" width=\"683\" height=\"1024\" data-id=\"324\" src=\"https:\/\/powrotbeethovena.pl\/wp-content\/uploads\/2026\/04\/Wojciech-Dzwonkowski-683x1024.jpg\" alt=\"\" class=\"wp-image-324\" srcset=\"https:\/\/powrotbeethovena.pl\/wp-content\/uploads\/2026\/04\/Wojciech-Dzwonkowski-683x1024.jpg 683w, https:\/\/powrotbeethovena.pl\/wp-content\/uploads\/2026\/04\/Wojciech-Dzwonkowski-200x300.jpg 200w, https:\/\/powrotbeethovena.pl\/wp-content\/uploads\/2026\/04\/Wojciech-Dzwonkowski-768x1152.jpg 768w, https:\/\/powrotbeethovena.pl\/wp-content\/uploads\/2026\/04\/Wojciech-Dzwonkowski-1024x1536.jpg 1024w, https:\/\/powrotbeethovena.pl\/wp-content\/uploads\/2026\/04\/Wojciech-Dzwonkowski-1365x2048.jpg 1365w, https:\/\/powrotbeethovena.pl\/wp-content\/uploads\/2026\/04\/Wojciech-Dzwonkowski-155x233.jpg 155w, https:\/\/powrotbeethovena.pl\/wp-content\/uploads\/2026\/04\/Wojciech-Dzwonkowski-300x450.jpg 300w, https:\/\/powrotbeethovena.pl\/wp-content\/uploads\/2026\/04\/Wojciech-Dzwonkowski-900x1350.jpg 900w, https:\/\/powrotbeethovena.pl\/wp-content\/uploads\/2026\/04\/Wojciech-Dzwonkowski-1500x2250.jpg 1500w, https:\/\/powrotbeethovena.pl\/wp-content\/uploads\/2026\/04\/Wojciech-Dzwonkowski-scaled.jpg 1707w\" sizes=\"auto, (max-width: 683px) 100vw, 683px\" \/><figcaption class=\"wp-element-caption\">Wojciech Dzwonkowski<\/figcaption><\/figure>\n\n\n\n<figure class=\"wp-block-image size-large\"><img loading=\"lazy\" decoding=\"async\" width=\"681\" height=\"1024\" data-id=\"323\" src=\"https:\/\/powrotbeethovena.pl\/wp-content\/uploads\/2026\/04\/Weronika-Los-681x1024.jpeg\" alt=\"\" class=\"wp-image-323\" srcset=\"https:\/\/powrotbeethovena.pl\/wp-content\/uploads\/2026\/04\/Weronika-Los-681x1024.jpeg 681w, https:\/\/powrotbeethovena.pl\/wp-content\/uploads\/2026\/04\/Weronika-Los-200x301.jpeg 200w, https:\/\/powrotbeethovena.pl\/wp-content\/uploads\/2026\/04\/Weronika-Los-768x1155.jpeg 768w, https:\/\/powrotbeethovena.pl\/wp-content\/uploads\/2026\/04\/Weronika-Los-1021x1536.jpeg 1021w, https:\/\/powrotbeethovena.pl\/wp-content\/uploads\/2026\/04\/Weronika-Los-155x233.jpeg 155w, https:\/\/powrotbeethovena.pl\/wp-content\/uploads\/2026\/04\/Weronika-Los-300x451.jpeg 300w, https:\/\/powrotbeethovena.pl\/wp-content\/uploads\/2026\/04\/Weronika-Los-900x1353.jpeg 900w, https:\/\/powrotbeethovena.pl\/wp-content\/uploads\/2026\/04\/Weronika-Los.jpeg 1064w\" sizes=\"auto, (max-width: 681px) 100vw, 681px\" \/><figcaption class=\"wp-element-caption\">Weronika \u0141o\u015b<\/figcaption><\/figure>\n\n\n\n<figure class=\"wp-block-image size-large\"><img loading=\"lazy\" decoding=\"async\" width=\"661\" height=\"1024\" data-id=\"322\" src=\"https:\/\/powrotbeethovena.pl\/wp-content\/uploads\/2026\/04\/Tobiasz-Szafraniak.jpg\" alt=\"\" class=\"wp-image-322\" srcset=\"https:\/\/powrotbeethovena.pl\/wp-content\/uploads\/2026\/04\/Tobiasz-Szafraniak.jpg 661w, https:\/\/powrotbeethovena.pl\/wp-content\/uploads\/2026\/04\/Tobiasz-Szafraniak-194x300.jpg 194w, https:\/\/powrotbeethovena.pl\/wp-content\/uploads\/2026\/04\/Tobiasz-Szafraniak-155x240.jpg 155w, https:\/\/powrotbeethovena.pl\/wp-content\/uploads\/2026\/04\/Tobiasz-Szafraniak-200x310.jpg 200w, https:\/\/powrotbeethovena.pl\/wp-content\/uploads\/2026\/04\/Tobiasz-Szafraniak-300x465.jpg 300w\" sizes=\"auto, (max-width: 661px) 100vw, 661px\" \/><figcaption class=\"wp-element-caption\">Tobiasz Szafraniak<\/figcaption><\/figure>\n\n\n\n<figure class=\"wp-block-image size-large\"><img loading=\"lazy\" decoding=\"async\" width=\"681\" height=\"1024\" data-id=\"321\" src=\"https:\/\/powrotbeethovena.pl\/wp-content\/uploads\/2026\/04\/Martyna-Kozanecka-681x1024.jpg\" alt=\"\" class=\"wp-image-321\" srcset=\"https:\/\/powrotbeethovena.pl\/wp-content\/uploads\/2026\/04\/Martyna-Kozanecka-681x1024.jpg 681w, https:\/\/powrotbeethovena.pl\/wp-content\/uploads\/2026\/04\/Martyna-Kozanecka-200x301.jpg 200w, https:\/\/powrotbeethovena.pl\/wp-content\/uploads\/2026\/04\/Martyna-Kozanecka-768x1154.jpg 768w, https:\/\/powrotbeethovena.pl\/wp-content\/uploads\/2026\/04\/Martyna-Kozanecka-1022x1536.jpg 1022w, https:\/\/powrotbeethovena.pl\/wp-content\/uploads\/2026\/04\/Martyna-Kozanecka-1363x2048.jpg 1363w, https:\/\/powrotbeethovena.pl\/wp-content\/uploads\/2026\/04\/Martyna-Kozanecka-155x233.jpg 155w, https:\/\/powrotbeethovena.pl\/wp-content\/uploads\/2026\/04\/Martyna-Kozanecka-300x451.jpg 300w, https:\/\/powrotbeethovena.pl\/wp-content\/uploads\/2026\/04\/Martyna-Kozanecka-900x1353.jpg 900w, https:\/\/powrotbeethovena.pl\/wp-content\/uploads\/2026\/04\/Martyna-Kozanecka-1500x2254.jpg 1500w, https:\/\/powrotbeethovena.pl\/wp-content\/uploads\/2026\/04\/Martyna-Kozanecka-scaled.jpg 1703w\" sizes=\"auto, (max-width: 681px) 100vw, 681px\" \/><figcaption class=\"wp-element-caption\">Martyna Kozanecka<\/figcaption><\/figure>\n\n\n\n<figure class=\"wp-block-image size-large\"><img loading=\"lazy\" decoding=\"async\" width=\"683\" height=\"1024\" data-id=\"320\" src=\"https:\/\/powrotbeethovena.pl\/wp-content\/uploads\/2026\/04\/Maria-Cynk-Mikolajewska-683x1024.jpeg\" alt=\"\" class=\"wp-image-320\" srcset=\"https:\/\/powrotbeethovena.pl\/wp-content\/uploads\/2026\/04\/Maria-Cynk-Mikolajewska-683x1024.jpeg 683w, https:\/\/powrotbeethovena.pl\/wp-content\/uploads\/2026\/04\/Maria-Cynk-Mikolajewska-200x300.jpeg 200w, https:\/\/powrotbeethovena.pl\/wp-content\/uploads\/2026\/04\/Maria-Cynk-Mikolajewska-768x1151.jpeg 768w, https:\/\/powrotbeethovena.pl\/wp-content\/uploads\/2026\/04\/Maria-Cynk-Mikolajewska-1025x1536.jpeg 1025w, https:\/\/powrotbeethovena.pl\/wp-content\/uploads\/2026\/04\/Maria-Cynk-Mikolajewska-155x232.jpeg 155w, https:\/\/powrotbeethovena.pl\/wp-content\/uploads\/2026\/04\/Maria-Cynk-Mikolajewska-300x450.jpeg 300w, https:\/\/powrotbeethovena.pl\/wp-content\/uploads\/2026\/04\/Maria-Cynk-Mikolajewska-900x1349.jpeg 900w, https:\/\/powrotbeethovena.pl\/wp-content\/uploads\/2026\/04\/Maria-Cynk-Mikolajewska.jpeg 1366w\" sizes=\"auto, (max-width: 683px) 100vw, 683px\" \/><figcaption class=\"wp-element-caption\">Maria Cynk-Miko\u0142ajewska<\/figcaption><\/figure>\n\n\n\n<figure class=\"wp-block-image size-large\"><img loading=\"lazy\" decoding=\"async\" width=\"873\" height=\"1024\" data-id=\"319\" src=\"https:\/\/powrotbeethovena.pl\/wp-content\/uploads\/2026\/04\/Maria-Bialas-873x1024.jpeg\" alt=\"\" class=\"wp-image-319\" srcset=\"https:\/\/powrotbeethovena.pl\/wp-content\/uploads\/2026\/04\/Maria-Bialas-873x1024.jpeg 873w, https:\/\/powrotbeethovena.pl\/wp-content\/uploads\/2026\/04\/Maria-Bialas-256x300.jpeg 256w, https:\/\/powrotbeethovena.pl\/wp-content\/uploads\/2026\/04\/Maria-Bialas-768x901.jpeg 768w, https:\/\/powrotbeethovena.pl\/wp-content\/uploads\/2026\/04\/Maria-Bialas-1309x1536.jpeg 1309w, https:\/\/powrotbeethovena.pl\/wp-content\/uploads\/2026\/04\/Maria-Bialas-155x182.jpeg 155w, https:\/\/powrotbeethovena.pl\/wp-content\/uploads\/2026\/04\/Maria-Bialas-200x235.jpeg 200w, https:\/\/powrotbeethovena.pl\/wp-content\/uploads\/2026\/04\/Maria-Bialas-300x352.jpeg 300w, https:\/\/powrotbeethovena.pl\/wp-content\/uploads\/2026\/04\/Maria-Bialas-900x1056.jpeg 900w, https:\/\/powrotbeethovena.pl\/wp-content\/uploads\/2026\/04\/Maria-Bialas.jpeg 1364w\" sizes=\"auto, (max-width: 873px) 100vw, 873px\" \/><figcaption class=\"wp-element-caption\">Maria Bia\u0142as<\/figcaption><\/figure>\n\n\n\n<figure class=\"wp-block-image size-large\"><img loading=\"lazy\" decoding=\"async\" width=\"897\" height=\"1024\" data-id=\"318\" src=\"https:\/\/powrotbeethovena.pl\/wp-content\/uploads\/2026\/04\/Malwina-Laska-Eichmann-897x1024.jpg\" alt=\"\" class=\"wp-image-318\" srcset=\"https:\/\/powrotbeethovena.pl\/wp-content\/uploads\/2026\/04\/Malwina-Laska-Eichmann-897x1024.jpg 897w, https:\/\/powrotbeethovena.pl\/wp-content\/uploads\/2026\/04\/Malwina-Laska-Eichmann-263x300.jpg 263w, https:\/\/powrotbeethovena.pl\/wp-content\/uploads\/2026\/04\/Malwina-Laska-Eichmann-768x876.jpg 768w, https:\/\/powrotbeethovena.pl\/wp-content\/uploads\/2026\/04\/Malwina-Laska-Eichmann-1346x1536.jpg 1346w, https:\/\/powrotbeethovena.pl\/wp-content\/uploads\/2026\/04\/Malwina-Laska-Eichmann-1795x2048.jpg 1795w, https:\/\/powrotbeethovena.pl\/wp-content\/uploads\/2026\/04\/Malwina-Laska-Eichmann-155x177.jpg 155w, https:\/\/powrotbeethovena.pl\/wp-content\/uploads\/2026\/04\/Malwina-Laska-Eichmann-200x228.jpg 200w, https:\/\/powrotbeethovena.pl\/wp-content\/uploads\/2026\/04\/Malwina-Laska-Eichmann-300x342.jpg 300w, https:\/\/powrotbeethovena.pl\/wp-content\/uploads\/2026\/04\/Malwina-Laska-Eichmann-900x1027.jpg 900w, https:\/\/powrotbeethovena.pl\/wp-content\/uploads\/2026\/04\/Malwina-Laska-Eichmann-1500x1712.jpg 1500w, https:\/\/powrotbeethovena.pl\/wp-content\/uploads\/2026\/04\/Malwina-Laska-Eichmann.jpg 1906w\" sizes=\"auto, (max-width: 897px) 100vw, 897px\" \/><figcaption class=\"wp-element-caption\">Malwina Laska-Eichmann<\/figcaption><\/figure>\n<\/figure>\n\n<p>foto: archiwa Artyst\u00f3w.<\/p>\n","protected":false},"excerpt":{"rendered":"<p>Ch\u00f3r musicalowy powo\u0142any na potrzeby produkcji musicalu \u201ePowr\u00f3t Beethovena\u201d to wyj\u0105tkowy zesp\u00f3\u0142 artyst\u00f3w \u0142\u0105cz\u0105cych wysoki poziom wokalny z wyrazistym aktorstwem scenicznym. Tworz\u0105 go utalentowani wokali\u015bci i aktorzy \u2013 absolwenci akademii muzycznych i teatralnych \u2013 kt\u00f3rzy na co dzie\u0144 rozwijaj\u0105 swoje kariery na deskach teatr\u00f3w oraz w salach koncertowych w Polsce. Ich do\u015bwiadczenie sceniczne, wszechstronno\u015b\u0107 oraz [&hellip;]<\/p>\n","protected":false},"author":2,"featured_media":0,"parent":468,"menu_order":0,"comment_status":"closed","ping_status":"closed","template":"","meta":{"footnotes":""},"class_list":["post-373","page","type-page","status-publish","hentry"],"_links":{"self":[{"href":"https:\/\/powrotbeethovena.pl\/en\/wp-json\/wp\/v2\/pages\/373","targetHints":{"allow":["GET"]}}],"collection":[{"href":"https:\/\/powrotbeethovena.pl\/en\/wp-json\/wp\/v2\/pages"}],"about":[{"href":"https:\/\/powrotbeethovena.pl\/en\/wp-json\/wp\/v2\/types\/page"}],"author":[{"embeddable":true,"href":"https:\/\/powrotbeethovena.pl\/en\/wp-json\/wp\/v2\/users\/2"}],"replies":[{"embeddable":true,"href":"https:\/\/powrotbeethovena.pl\/en\/wp-json\/wp\/v2\/comments?post=373"}],"version-history":[{"count":3,"href":"https:\/\/powrotbeethovena.pl\/en\/wp-json\/wp\/v2\/pages\/373\/revisions"}],"predecessor-version":[{"id":436,"href":"https:\/\/powrotbeethovena.pl\/en\/wp-json\/wp\/v2\/pages\/373\/revisions\/436"}],"up":[{"embeddable":true,"href":"https:\/\/powrotbeethovena.pl\/en\/wp-json\/wp\/v2\/pages\/468"}],"wp:attachment":[{"href":"https:\/\/powrotbeethovena.pl\/en\/wp-json\/wp\/v2\/media?parent=373"}],"curies":[{"name":"wp","href":"https:\/\/api.w.org\/{rel}","templated":true}]}}