{"id":433,"date":"2026-05-04T16:04:48","date_gmt":"2026-05-04T14:04:48","guid":{"rendered":"https:\/\/powrotbeethovena.pl\/creators\/"},"modified":"2026-05-04T16:36:17","modified_gmt":"2026-05-04T14:36:17","slug":"creators","status":"publish","type":"page","link":"https:\/\/powrotbeethovena.pl\/en\/musical\/creators\/","title":{"rendered":"Creators"},"content":{"rendered":"\n<div class=\"wp-block-media-text has-media-on-the-right is-stacked-on-mobile has-small-font-size\"><div class=\"wp-block-media-text__content\">\n<p><strong>Tadeusz Kabicz (director)<\/strong><\/p>\n\n\n\n<p>Director and screenwriter. A graduate of directing from the Krzysztof Kie\u015blowski Film School in Katowice and the Wajda School. He also studied Polish philology and cultural studies at the University of Warsaw. He is the creator of award-winning theatre, radio, and television productions, as well as short films. He works as a director for Polish Radio Theatre.<\/p>\n\n\n\n<p>foto: Maja Hylewicz<\/p>\n<\/div><figure class=\"wp-block-media-text__media\"><img loading=\"lazy\" decoding=\"async\" width=\"682\" height=\"1024\" src=\"http:\/\/powrotbeethovena.pl\/wp-content\/uploads\/2026\/04\/Tadeusz-Kabicz-fot.-Maja-Hylewicz-682x1024.jpg\" alt=\"\" class=\"wp-image-261 size-full\" srcset=\"https:\/\/powrotbeethovena.pl\/wp-content\/uploads\/2026\/04\/Tadeusz-Kabicz-fot.-Maja-Hylewicz-682x1024.jpg 682w, https:\/\/powrotbeethovena.pl\/wp-content\/uploads\/2026\/04\/Tadeusz-Kabicz-fot.-Maja-Hylewicz-200x300.jpg 200w, https:\/\/powrotbeethovena.pl\/wp-content\/uploads\/2026\/04\/Tadeusz-Kabicz-fot.-Maja-Hylewicz-768x1153.jpg 768w, https:\/\/powrotbeethovena.pl\/wp-content\/uploads\/2026\/04\/Tadeusz-Kabicz-fot.-Maja-Hylewicz-1023x1536.jpg 1023w, https:\/\/powrotbeethovena.pl\/wp-content\/uploads\/2026\/04\/Tadeusz-Kabicz-fot.-Maja-Hylewicz-1364x2048.jpg 1364w, https:\/\/powrotbeethovena.pl\/wp-content\/uploads\/2026\/04\/Tadeusz-Kabicz-fot.-Maja-Hylewicz-155x233.jpg 155w, https:\/\/powrotbeethovena.pl\/wp-content\/uploads\/2026\/04\/Tadeusz-Kabicz-fot.-Maja-Hylewicz-300x450.jpg 300w, https:\/\/powrotbeethovena.pl\/wp-content\/uploads\/2026\/04\/Tadeusz-Kabicz-fot.-Maja-Hylewicz-900x1351.jpg 900w, https:\/\/powrotbeethovena.pl\/wp-content\/uploads\/2026\/04\/Tadeusz-Kabicz-fot.-Maja-Hylewicz-1500x2252.jpg 1500w, https:\/\/powrotbeethovena.pl\/wp-content\/uploads\/2026\/04\/Tadeusz-Kabicz-fot.-Maja-Hylewicz-scaled.jpg 1705w\" sizes=\"auto, (max-width: 682px) 100vw, 682px\" \/><\/figure><\/div>\n\n<div class=\"wp-block-media-text is-stacked-on-mobile has-small-font-size\"><figure class=\"wp-block-media-text__media\"><img loading=\"lazy\" decoding=\"async\" width=\"666\" height=\"1024\" src=\"http:\/\/powrotbeethovena.pl\/wp-content\/uploads\/2026\/05\/Radek-Mateja-muzyka-666x1024.jpeg\" alt=\"Radek Mateja (music\/ conductor)\" class=\"wp-image-425 size-full\" srcset=\"https:\/\/powrotbeethovena.pl\/wp-content\/uploads\/2026\/05\/Radek-Mateja-muzyka-666x1024.jpeg 666w, https:\/\/powrotbeethovena.pl\/wp-content\/uploads\/2026\/05\/Radek-Mateja-muzyka-195x300.jpeg 195w, https:\/\/powrotbeethovena.pl\/wp-content\/uploads\/2026\/05\/Radek-Mateja-muzyka-768x1180.jpeg 768w, https:\/\/powrotbeethovena.pl\/wp-content\/uploads\/2026\/05\/Radek-Mateja-muzyka-999x1536.jpeg 999w, https:\/\/powrotbeethovena.pl\/wp-content\/uploads\/2026\/05\/Radek-Mateja-muzyka-1333x2048.jpeg 1333w, https:\/\/powrotbeethovena.pl\/wp-content\/uploads\/2026\/05\/Radek-Mateja-muzyka-155x238.jpeg 155w, https:\/\/powrotbeethovena.pl\/wp-content\/uploads\/2026\/05\/Radek-Mateja-muzyka-200x307.jpeg 200w, https:\/\/powrotbeethovena.pl\/wp-content\/uploads\/2026\/05\/Radek-Mateja-muzyka-300x461.jpeg 300w, https:\/\/powrotbeethovena.pl\/wp-content\/uploads\/2026\/05\/Radek-Mateja-muzyka-900x1383.jpeg 900w, https:\/\/powrotbeethovena.pl\/wp-content\/uploads\/2026\/05\/Radek-Mateja-muzyka-1500x2305.jpeg 1500w, https:\/\/powrotbeethovena.pl\/wp-content\/uploads\/2026\/05\/Radek-Mateja-muzyka-scaled.jpeg 1666w\" sizes=\"auto, (max-width: 666px) 100vw, 666px\" \/><\/figure><div class=\"wp-block-media-text__content\">\n<p><strong>Radek Mateja (music\/ conductor)<\/strong><\/p>\n\n\n\n<p>He graduated with honors from the I.J. Paderewski Academy of Music in Pozna\u0144 in the composition class of Prof. Zbigniew Kozub. He is also a graduate of the bachelor\u2019s program in the organ class of Prof. El\u017cbieta Karolak. In 2019, he obtained a doctorate in composition. He currently lectures at his alma mater. His compositions and arrangements have been performed by, among others, the Polish Radio Orchestra, the Toru\u0144 Symphony Orchestra, and the orchestras of the National Forum of Music in Wroc\u0142aw, the Pozna\u0144 Philharmonic, the Kalisz Philharmonic, the Sudeten Philharmonic in Wa\u0142brzych, the Grand Theatre and the Music Theatre in Pozna\u0144. He is the author of a chamber opera for children, \u201cMiko\u0142ajek i inne ch\u0142opaki\u201d (\u201cMiko\u0142ajek and Other Boys\u201d), which has been staged several times at the Grand Theatre in Pozna\u0144. In 2024, he conducted the premiere of his own musical, \u201cBoginie\u201d (\u201cGoddesses\u201d), at the Animation Theatre in Pozna\u0144.<\/p>\n\n\n\n<p>In 2013, he received third prize from Leszek Mo\u017cd\u017cer, chairman of the international jury of the Transatlantyk Instant Composition Contest, for music spontaneously composed for a film in front of an audience. He also received an honorable mention in the same competition in 2011. In 2014, he won second prize in a competition for electroacoustic miniatures organized by the \u015awi\u0119tokrzyska Philharmonic. He has been awarded a scholarship from the Minister of Science and Higher Education twice, a scholarship from the Rector of his alma mater three times for his scientific and artistic achievements, and in 2016 he also received a scholarship from the City of Pozna\u0144 for Young Artists.<\/p>\n\n\n\n<p>In addition to composing, he also works as a conductor. At the Musical Theatre in Pozna\u0144, he was the musical director of the world premiere of the musical Virtuoso about Ignacy Jan Paderewski and conducted performances of \u201cSister Act\u201d, \u201cPippin\u201d, \u201cThe Jungle Book\u201d, \u201cBeauty and the Beast\u201d, and \u201cCabaret\u201d.<\/p>\n\n\n\n<p>foto: Artist archive<\/p>\n<\/div><\/div>\n\n<div class=\"wp-block-media-text has-media-on-the-right is-stacked-on-mobile has-small-font-size\"><div class=\"wp-block-media-text__content\">\n<p><strong>Tina Papazyan\u00a0(choreographer)<\/strong><\/p>\n\n\n\n<p>A choreographer and dancer whose career has been flourishing for over a decade on theater, television, and music stages. Her dance training began even earlier\u2014for over ten years, she honed her craft in Poland and New York under the guidance of world-renowned instructors. She also worked in London alongside Danielle Polanco, one of the most recognizable choreographers in the industry, which significantly influenced her unique style and approach to stage movement.<br\/><br\/>She specializes in jazz, heels, and commercial styles, leading her own workshops throughout Poland. She collaborates not only with dancers but also with actresses, models, and singers, helping them build body awareness, stage presence, and confidence in moving in high heels, as well as improve their fitness through stretching. Her ability to work with artists from various fields makes her a highly valued stage movement coach, mentoring both professionals and those who begin their stage careers.<br\/><br\/>In recent years, her work has focused on choreography, where her distinctive style and creativity have earned recognition in both theater and television. In 2024, she created the choreography for the productions \u201cFrankenstein Show,\u201d directed by Rafa\u0142 Dziwisz, and \u201cRomeo and Juliet\u201d at the C. K. Norwid in Jelenia G\u00f3ra, directed by Grzegorz Bral\u2014both productions received excellent reviews, particularly for their modern and dynamic approach to stage movement.<br\/><br\/>She is currently focused on developing her choreographic practice and working on new performances and artistic projects, remaining one of the most versatile and respected choreographers of her generation<\/p>\n\n\n\n<p>foto.: Artist archive<\/p>\n<\/div><figure class=\"wp-block-media-text__media\"><img loading=\"lazy\" decoding=\"async\" width=\"713\" height=\"1000\" src=\"http:\/\/powrotbeethovena.pl\/wp-content\/uploads\/2026\/05\/Tina-Papazyan_.jpg\" alt=\"Tina Papazyan (choreographer)\" class=\"wp-image-427 size-full\" srcset=\"https:\/\/powrotbeethovena.pl\/wp-content\/uploads\/2026\/05\/Tina-Papazyan_.jpg 713w, https:\/\/powrotbeethovena.pl\/wp-content\/uploads\/2026\/05\/Tina-Papazyan_-214x300.jpg 214w, https:\/\/powrotbeethovena.pl\/wp-content\/uploads\/2026\/05\/Tina-Papazyan_-155x217.jpg 155w, https:\/\/powrotbeethovena.pl\/wp-content\/uploads\/2026\/05\/Tina-Papazyan_-200x281.jpg 200w, https:\/\/powrotbeethovena.pl\/wp-content\/uploads\/2026\/05\/Tina-Papazyan_-300x421.jpg 300w\" sizes=\"auto, (max-width: 713px) 100vw, 713px\" \/><\/figure><\/div>\n\n<div class=\"wp-block-media-text is-stacked-on-mobile has-small-font-size\"><figure class=\"wp-block-media-text__media\"><img loading=\"lazy\" decoding=\"async\" width=\"667\" height=\"1000\" src=\"http:\/\/powrotbeethovena.pl\/wp-content\/uploads\/2026\/05\/Adam-Beta_.jpeg\" alt=\"Adam Beta (choreographer)\" class=\"wp-image-426 size-full\" srcset=\"https:\/\/powrotbeethovena.pl\/wp-content\/uploads\/2026\/05\/Adam-Beta_.jpeg 667w, https:\/\/powrotbeethovena.pl\/wp-content\/uploads\/2026\/05\/Adam-Beta_-200x300.jpeg 200w, https:\/\/powrotbeethovena.pl\/wp-content\/uploads\/2026\/05\/Adam-Beta_-155x232.jpeg 155w, https:\/\/powrotbeethovena.pl\/wp-content\/uploads\/2026\/05\/Adam-Beta_-300x450.jpeg 300w\" sizes=\"auto, (max-width: 667px) 100vw, 667px\" \/><\/figure><div class=\"wp-block-media-text__content\">\n<p><strong>Adam Beta\u00a0(choreographer)<\/strong><\/p>\n\n\n\n<p>Adam Beta is a choreographer, dancer, and teacher whose impressive professional achievements underscore his prominent position in the dance industry. As the winner of the 2021 UK Music Video Awards for Best Choreography in the music video for Purple Disco Machine ft. Moss Kena &amp; The Knocks\u2019 \u201cFireworks\u201d, Adam has demonstrated his exceptional creativity and technical perfection in the world of music production.<\/p>\n\n\n\n<p>His career also includes being a finalist in the first Polish edition of the World of Dance program as part of the Beta &amp; Kuchta duo, as well as collaborations with Poland\u2019s biggest artists. He has choreographed numerous music videos, including those for Doda, Jeremi Sikorski, Jann, Ofelia, and Natasza Urba\u0144ska. His passion for choreography also extends to theater and television stages\u2014he worked as a choreographer on the productions \u201cVariete\u2019s Great Revue\u201d at Krak\u00f3w Vari\u00e9t\u00e9 Theater and \u201cRomeo and Juliet\u201d at the Norwid Theater in Jelenia G\u00f3ra, as well as on shows such as Your Face Sounds Familiar, Cudowne Lata\/ The Wonder Years, Drag Me Out, and as a guest choreographer for the opening of Dancing with the Stars.<\/p>\n\n\n\n<p>Adam is also an exceptionally versatile artist who applies his creativity in the commercial sector. He has collaborated with numerous brands, creating dance routines for commercials and events as a choreographer and dancer.<\/p>\n\n\n\n<p>Since the age of 16, Adam has also been teaching classes and workshops, sharing his knowledge and experience with dancers around the world. His career is also one of continuous growth\u2014over the years, he has participated in workshops led by the biggest stars of the global dance scene.<\/p>\n\n\n\n<p>foto: Artist archive<\/p>\n<\/div><\/div>\n\n<div class=\"wp-block-media-text has-media-on-the-right is-stacked-on-mobile has-small-font-size\"><div class=\"wp-block-media-text__content\">\n<p><strong>Konrad Bikowski (costumes)<\/strong><\/p>\n\n\n\n<p>A designer, costume creator, choreographer, and show maker, he combines traditional tailoring craftsmanship with theatrical scale, light, movement, and narrative.<\/p>\n\n\n\n<p>His work exists at the intersection of fashion, performance, and visual art. He creates designs for stars of the stage, theatre, and television, as well as film costumes and spectacular stage forms inspired by the aesthetics of the Baroque, revue, and contemporary glamour. Each of Bikowski\u2019s creations is not merely a costume\u2014it is a story shaped through silhouette, texture, and the energy of the stage.<\/p>\n\n\n\n<p>As the creator of Rising Stars Revue, he introduced a new quality to Polish revue, integrating choreography, costume, and scenography into a cohesive, original vision. His productions have been presented on international stages and at major music events across Europe. In film, he has worked on productions such as \u201cThe Queen\u201d, \u201cThe Loop\u201d, and \u201cThe Peasants\u201d, contributing to the costume identity of characters and cinematic worlds.<\/p>\n\n\n\n<p>Konrad Bikowski is an artist who understands fashion as a tool for shaping image and emotion. His work is distinguished by precision of construction, boldness of form, and stage brilliance\u2014visible both in designs for stars and in his original artistic projects.<\/p>\n\n\n\n<p>His studio creates stage, historical, and theatrical costumes\u2014crafted with the same precision and grandeur that have characterized his work in film, theater, and on the world\u2019s greatest stages for years.<\/p>\n\n\n\n<p>foto: Artist archive<\/p>\n<\/div><figure class=\"wp-block-media-text__media\"><img loading=\"lazy\" decoding=\"async\" width=\"768\" height=\"1024\" src=\"http:\/\/powrotbeethovena.pl\/wp-content\/uploads\/2026\/04\/Konrad-Bikowski-768x1024.jpg\" alt=\"\" class=\"wp-image-263 size-full\" srcset=\"https:\/\/powrotbeethovena.pl\/wp-content\/uploads\/2026\/04\/Konrad-Bikowski-768x1024.jpg 768w, https:\/\/powrotbeethovena.pl\/wp-content\/uploads\/2026\/04\/Konrad-Bikowski-225x300.jpg 225w, https:\/\/powrotbeethovena.pl\/wp-content\/uploads\/2026\/04\/Konrad-Bikowski-1152x1536.jpg 1152w, https:\/\/powrotbeethovena.pl\/wp-content\/uploads\/2026\/04\/Konrad-Bikowski-155x207.jpg 155w, https:\/\/powrotbeethovena.pl\/wp-content\/uploads\/2026\/04\/Konrad-Bikowski-200x267.jpg 200w, https:\/\/powrotbeethovena.pl\/wp-content\/uploads\/2026\/04\/Konrad-Bikowski-300x400.jpg 300w, https:\/\/powrotbeethovena.pl\/wp-content\/uploads\/2026\/04\/Konrad-Bikowski-900x1200.jpg 900w, https:\/\/powrotbeethovena.pl\/wp-content\/uploads\/2026\/04\/Konrad-Bikowski.jpg 1200w\" sizes=\"auto, (max-width: 768px) 100vw, 768px\" \/><\/figure><\/div>\n","protected":false},"excerpt":{"rendered":"<p>Tadeusz Kabicz (director) Director and screenwriter. A graduate of directing from the Krzysztof Kie\u015blowski Film School in Katowice and the Wajda School. He also studied Polish philology and cultural studies at the University of Warsaw. He is the creator of award-winning theatre, radio, and television productions, as well as short films. He works as a [&hellip;]<\/p>\n","protected":false},"author":2,"featured_media":0,"parent":468,"menu_order":0,"comment_status":"closed","ping_status":"closed","template":"","meta":{"footnotes":""},"class_list":["post-433","page","type-page","status-publish","hentry"],"_links":{"self":[{"href":"https:\/\/powrotbeethovena.pl\/en\/wp-json\/wp\/v2\/pages\/433","targetHints":{"allow":["GET"]}}],"collection":[{"href":"https:\/\/powrotbeethovena.pl\/en\/wp-json\/wp\/v2\/pages"}],"about":[{"href":"https:\/\/powrotbeethovena.pl\/en\/wp-json\/wp\/v2\/types\/page"}],"author":[{"embeddable":true,"href":"https:\/\/powrotbeethovena.pl\/en\/wp-json\/wp\/v2\/users\/2"}],"replies":[{"embeddable":true,"href":"https:\/\/powrotbeethovena.pl\/en\/wp-json\/wp\/v2\/comments?post=433"}],"version-history":[{"count":1,"href":"https:\/\/powrotbeethovena.pl\/en\/wp-json\/wp\/v2\/pages\/433\/revisions"}],"predecessor-version":[{"id":434,"href":"https:\/\/powrotbeethovena.pl\/en\/wp-json\/wp\/v2\/pages\/433\/revisions\/434"}],"up":[{"embeddable":true,"href":"https:\/\/powrotbeethovena.pl\/en\/wp-json\/wp\/v2\/pages\/468"}],"wp:attachment":[{"href":"https:\/\/powrotbeethovena.pl\/en\/wp-json\/wp\/v2\/media?parent=433"}],"curies":[{"name":"wp","href":"https:\/\/api.w.org\/{rel}","templated":true}]}}