{"id":450,"date":"2026-05-04T16:22:19","date_gmt":"2026-05-04T14:22:19","guid":{"rendered":"https:\/\/powrotbeethovena.pl\/ballet\/"},"modified":"2026-05-04T16:36:17","modified_gmt":"2026-05-04T14:36:17","slug":"ballet","status":"publish","type":"page","link":"https:\/\/powrotbeethovena.pl\/en\/musical\/ballet\/","title":{"rendered":"Ballet"},"content":{"rendered":"\n<div class=\"wp-block-media-text is-stacked-on-mobile has-small-font-size\"><figure class=\"wp-block-media-text__media\"><img loading=\"lazy\" decoding=\"async\" width=\"750\" height=\"1000\" src=\"http:\/\/powrotbeethovena.pl\/wp-content\/uploads\/2026\/05\/Justyna-Rodek_.jpeg\" alt=\"Justyna Rodek Balet\" class=\"wp-image-440 size-full\" srcset=\"https:\/\/powrotbeethovena.pl\/wp-content\/uploads\/2026\/05\/Justyna-Rodek_.jpeg 750w, https:\/\/powrotbeethovena.pl\/wp-content\/uploads\/2026\/05\/Justyna-Rodek_-225x300.jpeg 225w, https:\/\/powrotbeethovena.pl\/wp-content\/uploads\/2026\/05\/Justyna-Rodek_-155x207.jpeg 155w, https:\/\/powrotbeethovena.pl\/wp-content\/uploads\/2026\/05\/Justyna-Rodek_-200x267.jpeg 200w, https:\/\/powrotbeethovena.pl\/wp-content\/uploads\/2026\/05\/Justyna-Rodek_-300x400.jpeg 300w\" sizes=\"auto, (max-width: 750px) 100vw, 750px\" \/><\/figure><div class=\"wp-block-media-text__content\">\n<p class=\"has-small-font-size\"><strong>Justyna Rodek<\/strong><span style=\"display: inline-block; width: 0px; overflow: hidden; line-height: 0;\" data-mce-type=\"bookmark\" class=\"mce_SELRES_start\">\ufeff<\/span><\/p>\n\n\n\n<p class=\"has-small-font-size\">A young and versatile dancer from Warsaw with many years of stage experience. She trained at the Roman Turczynowicz General Ballet School in Warsaw. For many years, she represented top competition teams at the IDO International Championships. She holds the titles of Polish Champion and World Vice Champion in the solo jazz 17+ category. Her dance career is rapidly expanding; she has appeared on shows such as Dancing with the Stars and Cudowne Lata\/ The Wonder Years, dancing alongside well-known artists. She has collaborated with ESDA Agency on projects including the Shaton Project, the production of a new film for Netflix, and many others. She is a member of the jazz performance \u201cVivacity Dancing\u201d and has performed numerous times on television and at events. Justyna specializes in techniques such as jazz, modern, commercial, and ballet. She is constantly developing her craft, and her ambition, combined with her excellent technique, is making her increasingly recognizable on the Polish dance scene.<\/p>\n\n\n\n<p><\/p>\n\n\n\n<p>foto. Artist archive<\/p>\n<\/div><\/div>\n\n<div class=\"wp-block-media-text has-media-on-the-right is-stacked-on-mobile has-small-font-size\"><div class=\"wp-block-media-text__content\">\n<p class=\"has-small-font-size\"><strong>Anna Karcz<\/strong><\/p>\n\n\n\n<p class=\"has-small-font-size\">Anna Karcz has been training in jazz and modern dance since childhood, achieving numerous successes both nationally and internationally. She regularly participates in workshops and programs in Poland and abroad. She has trained in places such as New York and Los Angeles. She is a co-founder of the \u201cFamJazz\u201d project. Together with the Be:Moved association, she has organized international exchanges with dancers from Spain and Austria, as well as the performances \u201cJudas\u201d and \u201cThe Garden of Delights,\u201d choreographed by Pawe\u0142 Michno. She also participated in a Polish-Chinese dance exchange. She is also part of the \u201cVivacity Dancing\u201d cast. She has also been involved in numerous commercial projects, including TVP\u2019s Spring Program, the opening of Dancing with the Stars, TVP\u2019s New Year\u2019s Eve special, the Sopot Hit Festival, the Festival in Opole, Netflix productions, and many others. <\/p>\n\n\n\n<p><\/p>\n\n\n\n<p>foto. Artist archive<\/p>\n<\/div><figure class=\"wp-block-media-text__media\"><img loading=\"lazy\" decoding=\"async\" width=\"689\" height=\"1024\" src=\"http:\/\/powrotbeethovena.pl\/wp-content\/uploads\/2026\/05\/Anna-Karcz-689x1024.jpeg\" alt=\"Anna Karcz Balet\" class=\"wp-image-437 size-full\" srcset=\"https:\/\/powrotbeethovena.pl\/wp-content\/uploads\/2026\/05\/Anna-Karcz-689x1024.jpeg 689w, https:\/\/powrotbeethovena.pl\/wp-content\/uploads\/2026\/05\/Anna-Karcz-202x300.jpeg 202w, https:\/\/powrotbeethovena.pl\/wp-content\/uploads\/2026\/05\/Anna-Karcz-768x1141.jpeg 768w, https:\/\/powrotbeethovena.pl\/wp-content\/uploads\/2026\/05\/Anna-Karcz-1033x1536.jpeg 1033w, https:\/\/powrotbeethovena.pl\/wp-content\/uploads\/2026\/05\/Anna-Karcz-155x230.jpeg 155w, https:\/\/powrotbeethovena.pl\/wp-content\/uploads\/2026\/05\/Anna-Karcz-200x297.jpeg 200w, https:\/\/powrotbeethovena.pl\/wp-content\/uploads\/2026\/05\/Anna-Karcz-300x446.jpeg 300w, https:\/\/powrotbeethovena.pl\/wp-content\/uploads\/2026\/05\/Anna-Karcz-900x1338.jpeg 900w, https:\/\/powrotbeethovena.pl\/wp-content\/uploads\/2026\/05\/Anna-Karcz.jpeg 1125w\" sizes=\"auto, (max-width: 689px) 100vw, 689px\" \/><\/figure><\/div>\n\n<div class=\"wp-block-media-text is-stacked-on-mobile has-small-font-size\"><figure class=\"wp-block-media-text__media\"><img loading=\"lazy\" decoding=\"async\" width=\"856\" height=\"1024\" src=\"http:\/\/powrotbeethovena.pl\/wp-content\/uploads\/2026\/05\/Monika-Grzesik-856x1024.jpeg\" alt=\"Monika Grzesik Balet\" class=\"wp-image-442 size-full\" srcset=\"https:\/\/powrotbeethovena.pl\/wp-content\/uploads\/2026\/05\/Monika-Grzesik-856x1024.jpeg 856w, https:\/\/powrotbeethovena.pl\/wp-content\/uploads\/2026\/05\/Monika-Grzesik-251x300.jpeg 251w, https:\/\/powrotbeethovena.pl\/wp-content\/uploads\/2026\/05\/Monika-Grzesik-768x918.jpeg 768w, https:\/\/powrotbeethovena.pl\/wp-content\/uploads\/2026\/05\/Monika-Grzesik-155x185.jpeg 155w, https:\/\/powrotbeethovena.pl\/wp-content\/uploads\/2026\/05\/Monika-Grzesik-200x239.jpeg 200w, https:\/\/powrotbeethovena.pl\/wp-content\/uploads\/2026\/05\/Monika-Grzesik-300x359.jpeg 300w, https:\/\/powrotbeethovena.pl\/wp-content\/uploads\/2026\/05\/Monika-Grzesik-900x1076.jpeg 900w, https:\/\/powrotbeethovena.pl\/wp-content\/uploads\/2026\/05\/Monika-Grzesik.jpeg 1109w\" sizes=\"auto, (max-width: 856px) 100vw, 856px\" \/><\/figure><div class=\"wp-block-media-text__content\">\n<p class=\"has-small-font-size\"><strong>Monika Grzesik<\/strong><\/p>\n\n\n\n<p class=\"has-small-font-size\">A graduate of the RAMADA Private School of Ballet and Dance in Opole. She has performed in \u201cVari\u00e9t\u00e9\u2019s Great Revue\u201d at Krak\u00f3w Vari\u00e9t\u00e9 Theater and in the musical \u201cPriscilla, Queen of the Desert\u201d at the Capitol Theater in Wroc\u0142aw, as well as in the show \u201cPrzysz\u0142o\u015b\u0107 Widz\u0119 jasno 25\/25\u201d\/ \u201cFuture. I see clearly 25\/25\u201d, \u201cVivacity Dancing &#8211; Parade of Jazz Dance\u201d staged at the Relax Theater in Warsaw. She performed in the opening of the Dancing with the Stars program and during the New Year\u2019s Eve special on TVP 2. Dancer on Pezet\u2019s concert tour. She specializes in jazz and contemporary dance. Her greatest achievements include a second-place finish at the World Championships, the Polish IDO Championship in the women\u2019s solo jazz category, and multiple appearances representing Poland in the European and World Championship finals of the IDO Federation. She holds a master\u2019s degree in physical therapy and serves as a trainer and choreographer at the Artia Artistic Academy.<\/p>\n\n\n\n<p><\/p>\n\n\n\n<p>foto. Artist archive<\/p>\n<\/div><\/div>\n\n<div class=\"wp-block-media-text has-media-on-the-right is-stacked-on-mobile has-small-font-size\"><div class=\"wp-block-media-text__content\">\n<p class=\"has-small-font-size\"><strong>Monika Granatowska<\/strong><\/p>\n\n\n\n<p class=\"has-small-font-size\">In 2021, she graduated from the RAMADA Private School of Ballet and Dance in Opole, and for about 10 years she represented the Ramada Team at national and international competitions. She is currently active as a dancer and workshop choreographer. She is involved in numerous music videos, performances, and commercial projects such as Dancing with the Stars, the New Year\u2019s Eve production, and the Sopot Festival. She is a finalist of the Red Bull Dance Your Style battles. She has trained with the best coaches and choreographers in Poland, Europe, and the United States.<\/p>\n\n\n\n<p><\/p>\n\n\n\n<p>foto. Artist archive<\/p>\n<\/div><figure class=\"wp-block-media-text__media\"><img loading=\"lazy\" decoding=\"async\" width=\"667\" height=\"1000\" src=\"http:\/\/powrotbeethovena.pl\/wp-content\/uploads\/2026\/05\/Monika-Granatowska_.jpeg\" alt=\"Monika Granatowska Balet\" class=\"wp-image-441 size-full\" srcset=\"https:\/\/powrotbeethovena.pl\/wp-content\/uploads\/2026\/05\/Monika-Granatowska_.jpeg 667w, https:\/\/powrotbeethovena.pl\/wp-content\/uploads\/2026\/05\/Monika-Granatowska_-200x300.jpeg 200w, https:\/\/powrotbeethovena.pl\/wp-content\/uploads\/2026\/05\/Monika-Granatowska_-155x232.jpeg 155w, https:\/\/powrotbeethovena.pl\/wp-content\/uploads\/2026\/05\/Monika-Granatowska_-300x450.jpeg 300w\" sizes=\"auto, (max-width: 667px) 100vw, 667px\" \/><\/figure><\/div>\n\n<div class=\"wp-block-media-text is-stacked-on-mobile has-small-font-size\"><figure class=\"wp-block-media-text__media\"><img loading=\"lazy\" decoding=\"async\" width=\"578\" height=\"823\" src=\"http:\/\/powrotbeethovena.pl\/wp-content\/uploads\/2026\/05\/Emilia-Manasterska.jpeg\" alt=\"Emilia Manasterska Balet\" class=\"wp-image-438 size-full\" srcset=\"https:\/\/powrotbeethovena.pl\/wp-content\/uploads\/2026\/05\/Emilia-Manasterska.jpeg 578w, https:\/\/powrotbeethovena.pl\/wp-content\/uploads\/2026\/05\/Emilia-Manasterska-211x300.jpeg 211w, https:\/\/powrotbeethovena.pl\/wp-content\/uploads\/2026\/05\/Emilia-Manasterska-155x221.jpeg 155w, https:\/\/powrotbeethovena.pl\/wp-content\/uploads\/2026\/05\/Emilia-Manasterska-200x285.jpeg 200w, https:\/\/powrotbeethovena.pl\/wp-content\/uploads\/2026\/05\/Emilia-Manasterska-300x427.jpeg 300w\" sizes=\"auto, (max-width: 578px) 100vw, 578px\" \/><\/figure><div class=\"wp-block-media-text__content\">\n<p class=\"has-small-font-size\"><strong><strong>Emilia Manasterska<\/strong><\/strong><\/p>\n\n\n\n<p class=\"has-small-font-size\">She began her journey in dance as a child, initially training in jazz, contemporary dance, and ballet. She now also specializes in jazz funk, heels, and hip-hop.<br\/>A graduate of the BASE Performing Arts International Course in London and the RAMADA Private School of Ballet and Dance in Opole. A participant in the Polish and European Championships. She has honed her skills by training with many internationally renowned teachers and choreographers.<br\/><\/p>\n\n\n\n<p><\/p>\n\n\n\n<p>foto. Artist archive<\/p>\n<\/div><\/div>\n\n<div class=\"wp-block-media-text has-media-on-the-right is-stacked-on-mobile has-small-font-size\"><div class=\"wp-block-media-text__content\">\n<p class=\"has-small-font-size\"><strong><strong>Julia Trelka<\/strong><\/strong><\/p>\n\n\n\n<p class=\"has-small-font-size\">She specializes in jazz and contemporary dance. She is a graduate of the Karol Szymanowski Academy of Music in Katowice, where she studied Dance Theater Performance, and is currently a student of choreography at the Fryderyk Chopin University of Music in Warsaw.<br\/>She actively participates in artistic projects and performances. Among other things, she is a member of the jazz performance \u201cVivacity Dancing\u201d and has performed on the concert stages of the Karol Szymanowski Academy of Music in Katowice and the Academy of Theatre in Warsaw. In her work, she places particular emphasis on the relationship between sound and movement, seeking sensitivity, expression, and body awareness.<br\/><\/p>\n\n\n\n<p><\/p>\n\n\n\n<p class=\"has-small-font-size\">foto. Artist archive<\/p>\n<\/div><figure class=\"wp-block-media-text__media\"><img loading=\"lazy\" decoding=\"async\" width=\"691\" height=\"1024\" src=\"http:\/\/powrotbeethovena.pl\/wp-content\/uploads\/2026\/05\/Julia-Trelka-691x1024.jpg\" alt=\"Julia Trelka Balet\" class=\"wp-image-439 size-full\" srcset=\"https:\/\/powrotbeethovena.pl\/wp-content\/uploads\/2026\/05\/Julia-Trelka-691x1024.jpg 691w, https:\/\/powrotbeethovena.pl\/wp-content\/uploads\/2026\/05\/Julia-Trelka-203x300.jpg 203w, https:\/\/powrotbeethovena.pl\/wp-content\/uploads\/2026\/05\/Julia-Trelka-768x1138.jpg 768w, https:\/\/powrotbeethovena.pl\/wp-content\/uploads\/2026\/05\/Julia-Trelka-1037x1536.jpg 1037w, https:\/\/powrotbeethovena.pl\/wp-content\/uploads\/2026\/05\/Julia-Trelka-155x230.jpg 155w, https:\/\/powrotbeethovena.pl\/wp-content\/uploads\/2026\/05\/Julia-Trelka-200x296.jpg 200w, https:\/\/powrotbeethovena.pl\/wp-content\/uploads\/2026\/05\/Julia-Trelka-300x444.jpg 300w, https:\/\/powrotbeethovena.pl\/wp-content\/uploads\/2026\/05\/Julia-Trelka-900x1333.jpg 900w, https:\/\/powrotbeethovena.pl\/wp-content\/uploads\/2026\/05\/Julia-Trelka.jpg 1080w\" sizes=\"auto, (max-width: 691px) 100vw, 691px\" \/><\/figure><\/div>\n","protected":false},"excerpt":{"rendered":"<p>Justyna Rodek\ufeff A young and versatile dancer from Warsaw with many years of stage experience. She trained at the Roman Turczynowicz General Ballet School in Warsaw. For many years, she represented top competition teams at the IDO International Championships. She holds the titles of Polish Champion and World Vice Champion in the solo jazz 17+ [&hellip;]<\/p>\n","protected":false},"author":2,"featured_media":0,"parent":468,"menu_order":0,"comment_status":"closed","ping_status":"closed","template":"","meta":{"footnotes":""},"class_list":["post-450","page","type-page","status-publish","hentry"],"_links":{"self":[{"href":"https:\/\/powrotbeethovena.pl\/en\/wp-json\/wp\/v2\/pages\/450","targetHints":{"allow":["GET"]}}],"collection":[{"href":"https:\/\/powrotbeethovena.pl\/en\/wp-json\/wp\/v2\/pages"}],"about":[{"href":"https:\/\/powrotbeethovena.pl\/en\/wp-json\/wp\/v2\/types\/page"}],"author":[{"embeddable":true,"href":"https:\/\/powrotbeethovena.pl\/en\/wp-json\/wp\/v2\/users\/2"}],"replies":[{"embeddable":true,"href":"https:\/\/powrotbeethovena.pl\/en\/wp-json\/wp\/v2\/comments?post=450"}],"version-history":[{"count":4,"href":"https:\/\/powrotbeethovena.pl\/en\/wp-json\/wp\/v2\/pages\/450\/revisions"}],"predecessor-version":[{"id":455,"href":"https:\/\/powrotbeethovena.pl\/en\/wp-json\/wp\/v2\/pages\/450\/revisions\/455"}],"up":[{"embeddable":true,"href":"https:\/\/powrotbeethovena.pl\/en\/wp-json\/wp\/v2\/pages\/468"}],"wp:attachment":[{"href":"https:\/\/powrotbeethovena.pl\/en\/wp-json\/wp\/v2\/media?parent=450"}],"curies":[{"name":"wp","href":"https:\/\/api.w.org\/{rel}","templated":true}]}}